{"id":382,"date":"2014-04-20T09:59:59","date_gmt":"2014-04-20T08:59:59","guid":{"rendered":"http:\/\/avyacom.com\/?page_id=382"},"modified":"2020-03-22T15:36:30","modified_gmt":"2020-03-22T13:36:30","slug":"instant-quote","status":"publish","type":"page","link":"http:\/\/avyacom.com\/en\/instant-quote\/","title":{"rendered":"Instant Quote"},"content":{"rendered":"<div class=\"wpb-content-wrapper\"><p>[vc_row][vc_column css_animation=&#8221;bottom-to-top&#8221; width=&#8221;1\/1&#8243;]<div class=\"prk_shortcode-title\"><div class=\"prk_titlify_father ft_medium\"><div class=\"header_font sizer_medium bd_headings_text_shadow zero_color prk_vc_title\">Request your instant quote<\/div><\/div><\/div>[vc_column_text]Whatever your need for internet or graphic design, we are here to answer it. Fill out the attached form and you will have a quick response at competitive prices[\/vc_column_text][vc_column_text]<div class=\"frm_forms  with_frm_style frm_style_style-formidable\" id=\"frm_form_8_container\" >\n<form enctype=\"multipart\/form-data\" method=\"post\" class=\"frm-show-form  frm_js_validate  frm_ajax_submit  frm_pro_form  frm_logic_form \" id=\"form_pkm8r2\" >\n<div class=\"frm_form_fields \">\n<fieldset>\n<legend class=\"frm_screen_reader\">Quote form<\/legend>\r\n\r\n<div class=\"frm_fields_container\">\n<input type=\"hidden\" name=\"frm_action\" value=\"create\" \/>\n<input type=\"hidden\" name=\"form_id\" value=\"8\" \/>\n<input type=\"hidden\" name=\"frm_hide_fields_8\" id=\"frm_hide_fields_8\" value=\"\" \/>\n<input type=\"hidden\" name=\"form_key\" value=\"pkm8r2\" \/>\n<input type=\"hidden\" name=\"item_meta[0]\" value=\"\" \/>\n<input type=\"hidden\" id=\"frm_submit_entry_8\" name=\"frm_submit_entry_8\" value=\"7d92ece195\" \/><input type=\"hidden\" name=\"_wp_http_referer\" value=\"\/en\/wp-json\/wp\/v2\/pages\/382\" \/><div id=\"frm_field_105_container\" class=\"frm_form_field form-field  frm_required_field frm_top_container frm_first frm_third\">\r\n    <label for=\"field_71pka2\" class=\"frm_primary_label\">Last Name:\r\n        <span class=\"frm_required\">*<\/span>\r\n    <\/label>\r\n    <input type=\"text\" id=\"field_71pka2\" name=\"item_meta[105]\" value=\"\"  data-reqmsg=\"Last Name: cannot be empty\" aria-required=\"true\" data-invmsg=\"texte est non valide\" aria-invalid=\"false\"  \/>\r\n    \r\n    \r\n<\/div>\n<div id=\"frm_field_106_container\" class=\"frm_form_field form-field  frm_required_field frm_top_container frm_third\">\r\n    <label for=\"field_i27992\" class=\"frm_primary_label\">First Name:\r\n        <span class=\"frm_required\">*<\/span>\r\n    <\/label>\r\n    <input type=\"text\" id=\"field_i27992\" name=\"item_meta[106]\" value=\"\"  data-reqmsg=\"First Name: cannot be empty\" aria-required=\"true\" data-invmsg=\"texte est non valide\" aria-invalid=\"false\"  \/>\r\n    \r\n    \r\n<\/div>\n<div id=\"frm_field_107_container\" class=\"frm_form_field form-field  frm_top_container frm_third\">\r\n    <label for=\"field_ayinp2\" class=\"frm_primary_label\">Phone Number:\r\n        <span class=\"frm_required\"><\/span>\r\n    <\/label>\r\n    <input type=\"tel\" id=\"field_ayinp2\" name=\"item_meta[107]\" value=\"\"  data-invmsg=\"The phone number is not valid\" aria-invalid=\"false\" pattern=\"((\\+\\d{1,3}(-|.| )?\\(?\\d\\)?(-| |.)?\\d{1,5})|(\\(?\\d{2,6}\\)?))(-|.| )?(\\d{3,4})(-|.| )?(\\d{4})(( x| ext)\\d{1,5}){0,1}$\"  \/>\r\n    \r\n    \r\n<\/div>\n<div id=\"frm_field_108_container\" class=\"frm_form_field form-field  frm_required_field frm_top_container frm_first frm_third\">\r\n    <label for=\"field_3pjmz2\" class=\"frm_primary_label\">Country:\r\n        <span class=\"frm_required\">*<\/span>\r\n    <\/label>\r\n    \t\t<select name=\"item_meta[108]\" id=\"field_3pjmz2\"  data-placeholder=\"Select an option\"  data-frmval=\"Isra\u00ebl\" data-reqmsg=\"Select an option\" aria-required=\"true\" data-invmsg=\"Country: is invalid\" class=\"frm_slimselect\" aria-invalid=\"false\"  >\n\t\t<option  value=\"Afghanistan\">Afghanistan<\/option><option  value=\"Albanie\">Albanie<\/option><option  value=\"Alg\u00e9rie\">Alg\u00e9rie<\/option><option  value=\"\u00celes Samoa Am\u00e9ricaines\">\u00celes Samoa Am\u00e9ricaines<\/option><option  value=\"Andore\">Andore<\/option><option  value=\"Angolie\">Angolie<\/option><option  value=\"Anguilla\">Anguilla<\/option><option  value=\"Antartique\">Antartique<\/option><option  value=\"Antigua and Barbuda\">Antigua and Barbuda<\/option><option  value=\"Argentine\">Argentine<\/option><option  value=\"Arm\u00e9nie\">Arm\u00e9nie<\/option><option  value=\"Aruba\">Aruba<\/option><option  value=\"Australier\">Australier<\/option><option  value=\"Australie\">Australie<\/option><option  value=\"Azerbaijan\">Azerbaijan<\/option><option  value=\"Bahamas\">Bahamas<\/option><option  value=\"Bahre\u00efn\">Bahre\u00efn<\/option><option  value=\"Bengladesh\">Bengladesh<\/option><option  value=\"Barbade (la)\">Barbade (la)<\/option><option  value=\"Belarus\">Belarus<\/option><option  value=\"Belgique\">Belgique<\/option><option  value=\"Belize\">Belize<\/option><option  value=\"Benin\">Benin<\/option><option  value=\"Bermude\">Bermude<\/option><option  value=\"Bhoutan\">Bhoutan<\/option><option  value=\"Bolivie\">Bolivie<\/option><option  value=\"Bosnie et Herzegovie\">Bosnie et Herzegovie<\/option><option  value=\"Botswana\">Botswana<\/option><option  value=\"Br\u00e9sil\">Br\u00e9sil<\/option><option  value=\"Brunei\">Brunei<\/option><option  value=\"Bulgarie\">Bulgarie<\/option><option  value=\"Burkina Faso\">Burkina Faso<\/option><option  value=\"Burundi\">Burundi<\/option><option  value=\"Cambodge\">Cambodge<\/option><option  value=\"Cameroun\">Cameroun<\/option><option  value=\"Canada\">Canada<\/option><option  value=\"Cap vert\">Cap vert<\/option><option  value=\"\u00celes Ca\u00efmans\">\u00celes Ca\u00efmans<\/option><option  value=\"R\u00e9publique centrafricaine\">R\u00e9publique centrafricaine<\/option><option  value=\"Tchad\">Tchad<\/option><option  value=\"Chile\">Chile<\/option><option  value=\"Chine\">Chine<\/option><option  value=\"Colombie\">Colombie<\/option><option  value=\"Comores\">Comores<\/option><option  value=\"Congo\">Congo<\/option><option  value=\"Costa Rica\">Costa Rica<\/option><option  value=\"C\u00f4te d&#039;Ivoire\">C\u00f4te d&#039;Ivoire<\/option><option  value=\"Croatie\">Croatie<\/option><option  value=\"Cuba\">Cuba<\/option><option  value=\"Chypre\">Chypre<\/option><option  value=\"R\u00e9publique Tch\u00e8que\">R\u00e9publique Tch\u00e8que<\/option><option  value=\"Danemarque\">Danemarque<\/option><option  value=\"Djibouti\">Djibouti<\/option><option  value=\"Dominique\">Dominique<\/option><option  value=\"R\u00e9publique Dominicaine\">R\u00e9publique Dominicaine<\/option><option  value=\"Timor-Oriental\">Timor-Oriental<\/option><option  value=\"\u00c9quateur\">\u00c9quateur<\/option><option  value=\"\u00c9gypte\">\u00c9gypte<\/option><option  value=\"Salvador (le)\">Salvador (le)<\/option><option  value=\"Guin\u00e9e \u00c9quatoriale\">Guin\u00e9e \u00c9quatoriale<\/option><option  value=\"\u00c9rythr\u00e9e (l\u2019)\">\u00c9rythr\u00e9e (l\u2019)<\/option><option  value=\"Estonie\">Estonie<\/option><option  value=\"\u00c9thiopie\">\u00c9thiopie<\/option><option  value=\"Fidji\">Fidji<\/option><option  value=\"Finlande\">Finlande<\/option><option  value=\"France\">France<\/option><option  value=\"Guyane Fran\u00e7aise\">Guyane Fran\u00e7aise<\/option><option  value=\"Polyn\u00e9sie Fran\u00e7aise\">Polyn\u00e9sie Fran\u00e7aise<\/option><option  value=\"Gabon\">Gabon<\/option><option  value=\"Gambie\">Gambie<\/option><option  value=\"G\u00e9orgie\">G\u00e9orgie<\/option><option  value=\"Allemagne\">Allemagne<\/option><option  value=\"Ghana\">Ghana<\/option><option  value=\"Gibraltar\">Gibraltar<\/option><option  value=\"Gr\u00e8ce\">Gr\u00e8ce<\/option><option  value=\"Groenland\">Groenland<\/option><option  value=\"Grenade\">Grenade<\/option><option  value=\"Guam\">Guam<\/option><option  value=\"Guatemala\">Guatemala<\/option><option  value=\"Guin\u00e9e\">Guin\u00e9e<\/option><option  value=\"Guin\u00e9e Bissau\">Guin\u00e9e Bissau<\/option><option  value=\"Guyane\">Guyane<\/option><option  value=\"Haiti\">Haiti<\/option><option  value=\"Honduras\">Honduras<\/option><option  value=\"Hong Kong\">Hong Kong<\/option><option  value=\"Hongrie\">Hongrie<\/option><option  value=\"Islande\">Islande<\/option><option  value=\"Inde\">Inde<\/option><option  value=\"Indon\u00e9sie\">Indon\u00e9sie<\/option><option  value=\"Iran\">Iran<\/option><option  value=\"Iraq\">Iraq<\/option><option  value=\"Irlande\">Irlande<\/option><option  value=\"Isra\u00ebl\" selected='selected'>Isra\u00ebl<\/option><option  value=\"Italie\">Italie<\/option><option  value=\"Jama\u00efque\">Jama\u00efque<\/option><option  value=\"Japon\">Japon<\/option><option  value=\"Jordanie\">Jordanie<\/option><option  value=\"Kazakhstan\">Kazakhstan<\/option><option  value=\"Kenia\">Kenia<\/option><option  value=\"Kiribati\">Kiribati<\/option><option  value=\"Cor\u00e9e du Nord\">Cor\u00e9e du Nord<\/option><option  value=\"Cor\u00e9e du sud\">Cor\u00e9e du sud<\/option><option  value=\"Koweit\">Koweit<\/option><option  value=\"Kirghizistan\">Kirghizistan<\/option><option  value=\"Laos\">Laos<\/option><option  value=\"Lettonie\">Lettonie<\/option><option  value=\"Liban\">Liban<\/option><option  value=\"Lesotho\">Lesotho<\/option><option  value=\"Lib\u00e9ria\">Lib\u00e9ria<\/option><option  value=\"Libye\">Libye<\/option><option  value=\"Liechtenstein\">Liechtenstein<\/option><option  value=\"Lituanie\">Lituanie<\/option><option  value=\"Luxembourg\">Luxembourg<\/option><option  value=\"Mac\u00e9doine\">Mac\u00e9doine<\/option><option  value=\"Madagascar\">Madagascar<\/option><option  value=\"Malawi\">Malawi<\/option><option  value=\"Malaisie\">Malaisie<\/option><option  value=\"Maldives\">Maldives<\/option><option  value=\"Mali\">Mali<\/option><option  value=\"Malte\">Malte<\/option><option  value=\"\u00celes Marshall\">\u00celes Marshall<\/option><option  value=\"Mauritanie\">Mauritanie<\/option><option  value=\"\u00cele Maurice\">\u00cele Maurice<\/option><option  value=\"Mexique\">Mexique<\/option><option  value=\"Micron\u00e9sie\">Micron\u00e9sie<\/option><option  value=\"Moldavie\">Moldavie<\/option><option  value=\"Monaco\">Monaco<\/option><option  value=\"Mongolie\">Mongolie<\/option><option  value=\"Mont\u00e9n\u00e9gro\">Mont\u00e9n\u00e9gro<\/option><option  value=\"Montserrat\">Montserrat<\/option><option  value=\"Maroc\">Maroc<\/option><option  value=\"Mozambique\">Mozambique<\/option><option  value=\"Myanmar\">Myanmar<\/option><option  value=\"Namibie\">Namibie<\/option><option  value=\"Nauru\">Nauru<\/option><option  value=\"Nepal\">Nepal<\/option><option  value=\"Pays-bas\">Pays-bas<\/option><option  value=\"Nouvelle Z\u00e9lande\">Nouvelle Z\u00e9lande<\/option><option  value=\"Nicaragua\">Nicaragua<\/option><option  value=\"Niger\">Niger<\/option><option  value=\"Nigeria\">Nigeria<\/option><option  value=\"Norv\u00e8ge\">Norv\u00e8ge<\/option><option  value=\"\u00celes Mariannes du Nord\">\u00celes Mariannes du Nord<\/option><option  value=\"Oman\">Oman<\/option><option  value=\"Pakistan\">Pakistan<\/option><option  value=\"Palau\">Palau<\/option><option  value=\"Palestine\">Palestine<\/option><option  value=\"Panama\">Panama<\/option><option  value=\"Papouasie-Nouvelle-Guin\u00e9e\">Papouasie-Nouvelle-Guin\u00e9e<\/option><option  value=\"Paraguay\">Paraguay<\/option><option  value=\"P\u00e9rou\">P\u00e9rou<\/option><option  value=\"Philippines\">Philippines<\/option><option  value=\"Pologne\">Pologne<\/option><option  value=\"Portugal\">Portugal<\/option><option  value=\"Puerto Rico\">Puerto Rico<\/option><option  value=\"Qatar\">Qatar<\/option><option  value=\"Roumanie\">Roumanie<\/option><option  value=\"Russie\">Russie<\/option><option  value=\"Rouwanda\">Rouwanda<\/option><option  value=\"Saint-Christophe-et-Ni\u00e9v\u00e8s\">Saint-Christophe-et-Ni\u00e9v\u00e8s<\/option><option  value=\"Sante Lucie\">Sante Lucie<\/option><option  value=\"Saint Vincent et les Grenadines\">Saint Vincent et les Grenadines<\/option><option  value=\"Samoa\">Samoa<\/option><option  value=\"San Marino\">San Marino<\/option><option  value=\"Sao Tome and Principe\">Sao Tome and Principe<\/option><option  value=\"Arabie Saoudite\">Arabie Saoudite<\/option><option  value=\"Senegal\">Senegal<\/option><option  value=\"Serbie et Mont\u00e9n\u00e9gro\">Serbie et Mont\u00e9n\u00e9gro<\/option><option  value=\"Seychelles\">Seychelles<\/option><option  value=\"Sierra Leone\">Sierra Leone<\/option><option  value=\"Singapour\">Singapour<\/option><option  value=\"Slovaquie\">Slovaquie<\/option><option  value=\"Slov\u00e9nie\">Slov\u00e9nie<\/option><option  value=\"\u00celes Salomon\">\u00celes Salomon<\/option><option  value=\"Somalie\">Somalie<\/option><option  value=\"Afrique du Sud\">Afrique du Sud<\/option><option  value=\"Soudan du Sud\">Soudan du Sud<\/option><option  value=\"Espagne\">Espagne<\/option><option  value=\"Sri Lanka\">Sri Lanka<\/option><option  value=\"Soudan\">Soudan<\/option><option  value=\"Surinam\">Surinam<\/option><option  value=\"Swaziland\">Swaziland<\/option><option  value=\"Su\u00e8de\">Su\u00e8de<\/option><option  value=\"Suisse\">Suisse<\/option><option  value=\"Syrie\">Syrie<\/option><option  value=\"Taiwan\">Taiwan<\/option><option  value=\"Tadjikistan\">Tadjikistan<\/option><option  value=\"Tanzanie\">Tanzanie<\/option><option  value=\"Tha\u00eflande\">Tha\u00eflande<\/option><option  value=\"Togo\">Togo<\/option><option  value=\"Tonga\">Tonga<\/option><option  value=\"Trinit\u00e9 et Tobago\">Trinit\u00e9 et Tobago<\/option><option  value=\"Tunisie\">Tunisie<\/option><option  value=\"Turquie\">Turquie<\/option><option  value=\"Turkm\u00e9nistan\">Turkm\u00e9nistan<\/option><option  value=\"Tuvalu\">Tuvalu<\/option><option  value=\"Ouganda\">Ouganda<\/option><option  value=\"Ukraine\">Ukraine<\/option><option  value=\"\u00c9mirats Arabes Unis\">\u00c9mirats Arabes Unis<\/option><option  value=\"Royaume-Uni\">Royaume-Uni<\/option><option  value=\"\u00c9tats-Unis\">\u00c9tats-Unis<\/option><option  value=\"Uruguay\">Uruguay<\/option><option  value=\"Ouzb\u00e9kistan\">Ouzb\u00e9kistan<\/option><option  value=\"Vanuatu\">Vanuatu<\/option><option  value=\"Cit\u00e9 du Vatican\">Cit\u00e9 du Vatican<\/option><option  value=\"V\u00e9n\u00e9zu\u00e9la\">V\u00e9n\u00e9zu\u00e9la<\/option><option  value=\"Vietnam\">Vietnam<\/option><option  value=\"\u00celes Vierges britanniques\">\u00celes Vierges britanniques<\/option><option  value=\"\u00celes Vierges des \u00c9tats-Unis\">\u00celes Vierges des \u00c9tats-Unis<\/option><option  value=\"Y\u00e9men\">Y\u00e9men<\/option><option  value=\"Zambie\">Zambie<\/option><option  value=\"Zimbabwe\">Zimbabwe<\/option>\t<\/select>\n\t\r\n    \r\n    \r\n<\/div>\n<div id=\"frm_field_109_container\" class=\"frm_form_field form-field  frm_required_field frm_top_container frm_two_thirds\">\r\n    <label for=\"field_3z3r2\" class=\"frm_primary_label\">E-mail:\r\n        <span class=\"frm_required\">*<\/span>\r\n    <\/label>\r\n    <input type=\"email\" id=\"field_3z3r2\" name=\"item_meta[109]\" value=\"\"  data-reqmsg=\"E-mail: cannot be empty\" aria-required=\"true\" data-invmsg=\"Email address is not valid\" aria-invalid=\"false\"  \/>\r\n    \r\n    \r\n<\/div>\n<div id=\"frm_field_110_container\" class=\"frm_form_field form-field  frm_required_field frm_top_container frm_first frm_half frm_other_container\">\r\n    <label for=\"field_fmnlg2\" class=\"frm_primary_label\">Type of Project:\r\n        <span class=\"frm_required\">*<\/span>\r\n    <\/label>\r\n    \t\t<select name=\"item_meta[110]\" id=\"field_fmnlg2\"  data-frmval=\"Select\" data-reqmsg=\"Choose an option\" aria-required=\"true\" data-invmsg=\"Type of Project: is invalid\" aria-invalid=\"false\"  >\n\t\t<option  value=\"Select\" selected='selected'>Select<\/option><option  value=\"Showcase website\">Showcase website<\/option><option  value=\"Ecommerce website\">Ecommerce website<\/option><option  value=\"Thematic website (Meeting, Classified, Real estate, Reservations,etc..)\">Thematic website (Meeting, Classified, Real estate, Reservations,etc..)<\/option><option  value=\"PHP development\">PHP development<\/option><option  value=\"S.E.O.\">S.E.O.<\/option><option  value=\"Web Marketing\">Web Marketing<\/option><option  value=\"Other\" class=\"frm_other_trigger\">Other<\/option>\t<\/select>\n\t<label for=\"field_fmnlg2-otext\" class=\"frm_screen_reader frm_hidden\">Type of Project:<\/label><input type=\"text\" id=\"field_fmnlg2-otext\" class=\"frm_other_input frm_pos_none\"  name=\"item_meta[other][110]\" value=\"\" \/>\r\n    \r\n    \r\n<\/div>\n<div id=\"frm_field_118_container\" class=\"frm_form_field form-field  frm_required_field frm_top_container frm_half\">\r\n    <label for=\"field_qlyjx\" id=\"field_qlyjx_label\" class=\"frm_primary_label\">Emergency of the request\r\n        <span class=\"frm_required\">*<\/span>\r\n    <\/label>\r\n    \t\t<select name=\"item_meta[118]\" id=\"field_qlyjx\"  data-reqmsg=\"Emergency of the request cannot be blank.\" aria-required=\"true\" data-invmsg=\"Emergency of the request is invalid\" aria-invalid=\"false\"  >\n\t\t<option  value=\"Urgent\">Urgent<\/option><option  value=\"1 month\">1 month<\/option><option  value=\"3 months\">3 months<\/option>\t<\/select>\n\t\r\n    \r\n    \r\n<\/div>\n<div id=\"frm_field_112_container\" class=\"frm_form_field form-field  frm_required_field frm_top_container frm_first frm_half\">\r\n    <label for=\"field_rmbn42\" class=\"frm_primary_label\">Languages:\r\n        <span class=\"frm_required\">*<\/span>\r\n    <\/label>\r\n    \t\t<select name=\"item_meta[112]\" id=\"field_rmbn42\"  data-frmval=\"Select\" data-reqmsg=\"Choose an option\" aria-required=\"true\" data-invmsg=\"Languages: is invalid\" aria-invalid=\"false\"  >\n\t\t<option  value=\"Select\" selected='selected'>Select<\/option><option  value=\"One language\">One language<\/option><option  value=\"Many languages\">Many languages<\/option>\t<\/select>\n\t\r\n    \r\n    \r\n<\/div>\n<div id=\"frm_field_113_container\" class=\"frm_form_field form-field  frm_required_field frm_top_container frm_half\">\r\n    <label for=\"field_wdb052\" class=\"frm_primary_label\">Which language:\r\n        <span class=\"frm_required\">*<\/span>\r\n    <\/label>\r\n    \t\t<select name=\"item_meta[113]\" id=\"field_wdb052\"  data-frmval=\"Select\" data-reqmsg=\"Choose an option\" aria-required=\"true\" data-invmsg=\"Which language: is invalid\" aria-invalid=\"false\"  >\n\t\t<option  value=\"Select\" selected='selected'>Select<\/option><option  value=\"french\">french<\/option><option  value=\"English\">English<\/option><option  value=\"Hebrew\">Hebrew<\/option><option  value=\"Spanish\">Spanish<\/option><option  value=\"German\">German<\/option><option  value=\"Russian\">Russian<\/option>\t<\/select>\n\t\r\n    \r\n    \r\n<\/div>\n<div id=\"frm_field_114_container\" class=\"frm_form_field form-field  frm_required_field frm_top_container frm_half horizontal_radio frm_other_container\">\r\n    <label for=\"field_6uts12\" class=\"frm_primary_label\">Which languages:\r\n        <span class=\"frm_required\">*<\/span>\r\n    <\/label>\r\n    <div class=\"frm_opt_container\">\t\t<div class=\"frm_checkbox\" id=\"frm_checkbox_114-0\">\t\t\t<label  for=\"field_6uts12-0\">\n\t\t\t<input type=\"checkbox\" name=\"item_meta[114][]\" id=\"field_6uts12-0\" value=\"French\"  data-reqmsg=\"Choose at least one option\" data-invmsg=\"Which languages: is invalid\" aria-invalid=\"false\"   aria-required=\"true\"  \/> French<\/label><\/div>\n\t\t<div class=\"frm_checkbox\" id=\"frm_checkbox_114-1\">\t\t\t<label  for=\"field_6uts12-1\">\n\t\t\t<input type=\"checkbox\" name=\"item_meta[114][]\" id=\"field_6uts12-1\" value=\"English\"  data-reqmsg=\"Choose at least one option\" data-invmsg=\"Which languages: is invalid\" aria-invalid=\"false\"   \/> English<\/label><\/div>\n\t\t<div class=\"frm_checkbox\" id=\"frm_checkbox_114-2\">\t\t\t<label  for=\"field_6uts12-2\">\n\t\t\t<input type=\"checkbox\" name=\"item_meta[114][]\" id=\"field_6uts12-2\" value=\"Hebrew\"  data-reqmsg=\"Choose at least one option\" data-invmsg=\"Which languages: is invalid\" aria-invalid=\"false\"   \/> Hebrew<\/label><\/div>\n\t\t<div class=\"frm_checkbox\" id=\"frm_checkbox_114-3\">\t\t\t<label  for=\"field_6uts12-3\">\n\t\t\t<input type=\"checkbox\" name=\"item_meta[114][]\" id=\"field_6uts12-3\" value=\"Spanish\"  data-reqmsg=\"Choose at least one option\" data-invmsg=\"Which languages: is invalid\" aria-invalid=\"false\"   \/> Spanish<\/label><\/div>\n\t\t<div class=\"frm_checkbox\" id=\"frm_checkbox_114-4\">\t\t\t<label  for=\"field_6uts12-4\">\n\t\t\t<input type=\"checkbox\" name=\"item_meta[114][]\" id=\"field_6uts12-4\" value=\"German\"  data-reqmsg=\"Choose at least one option\" data-invmsg=\"Which languages: is invalid\" aria-invalid=\"false\"   \/> German<\/label><\/div>\n\t\t<div class=\"frm_checkbox\" id=\"frm_checkbox_114-5\">\t\t\t<label  for=\"field_6uts12-5\">\n\t\t\t<input type=\"checkbox\" name=\"item_meta[114][]\" id=\"field_6uts12-5\" value=\"Russian\"  data-reqmsg=\"Choose at least one option\" data-invmsg=\"Which languages: is invalid\" aria-invalid=\"false\"   \/> Russian<\/label><\/div>\n\t\t<div class=\"frm_checkbox\" id=\"frm_checkbox_114-other_6\">\t\t\t<label  for=\"field_6uts12-other_6\">\n\t\t\t<input type=\"checkbox\" name=\"item_meta[114][other_6]\" id=\"field_6uts12-other_6\" value=\"Other\"  data-reqmsg=\"Choose at least one option\" data-invmsg=\"Which languages: is invalid\" aria-invalid=\"false\"   \/> Other<\/label><label for=\"field_6uts12-other_6-otext\" class=\"frm_screen_reader frm_hidden\">Other<\/label><input type=\"text\" id=\"field_6uts12-other_6-otext\" class=\"frm_other_input frm_pos_none\"  name=\"item_meta[other][114][other_6]\" value=\"\" \/><\/div>\n<\/div>\r\n    \r\n    \r\n<\/div>\n<div id=\"frm_field_115_container\" class=\"frm_form_field form-field  frm_top_container\">\r\n    <label for=\"field_tes2l2\" class=\"frm_primary_label\">Additional informations:\r\n        <span class=\"frm_required\"><\/span>\r\n    <\/label>\r\n    <textarea name=\"item_meta[115]\" id=\"field_tes2l2\" rows=\"5\"  data-invmsg=\"Additional informations: is invalid\" aria-invalid=\"false\"  ><\/textarea>\r\n    \r\n    \r\n<\/div>\n\t<input type=\"hidden\" name=\"item_key\" value=\"\" \/>\n\t<input name=\"frm_state\" type=\"hidden\" value=\"xIPs8Z4sxQy5v8PWV7j8HWUNIDY2OS1WtCL\/IuQpgWw=\" \/><div class=\"frm_submit\">\r\n\r\n<button class=\"frm_button_submit frm_final_submit\" type=\"submit\"   formnovalidate=\"formnovalidate\">Send<\/button>\r\n\r\n<\/div><\/div>\n<\/fieldset>\n<\/div>\n\n<\/form>\n<\/div>\n[\/vc_column_text][\/vc_column][\/vc_row]<\/p>\n<\/div>","protected":false},"excerpt":{"rendered":"<p>[vc_row][vc_column css_animation=&#8221;bottom-to-top&#8221; width=&#8221;1\/1&#8243;][vc_column_text]Whatever your need for internet or graphic design, we are here to answer it. Fill out the attached form and you will have a quick response at competitive prices[\/vc_column_text][vc_column_text][\/vc_column_text][\/vc_column][\/vc_row]<\/p>\n","protected":false},"author":1,"featured_media":0,"parent":0,"menu_order":0,"comment_status":"closed","ping_status":"closed","template":"","meta":{"footnotes":""},"class_list":["post-382","page","type-page","status-publish","hentry"],"aioseo_notices":[],"_links":{"self":[{"href":"http:\/\/avyacom.com\/en\/wp-json\/wp\/v2\/pages\/382","targetHints":{"allow":["GET"]}}],"collection":[{"href":"http:\/\/avyacom.com\/en\/wp-json\/wp\/v2\/pages"}],"about":[{"href":"http:\/\/avyacom.com\/en\/wp-json\/wp\/v2\/types\/page"}],"author":[{"embeddable":true,"href":"http:\/\/avyacom.com\/en\/wp-json\/wp\/v2\/users\/1"}],"replies":[{"embeddable":true,"href":"http:\/\/avyacom.com\/en\/wp-json\/wp\/v2\/comments?post=382"}],"version-history":[{"count":0,"href":"http:\/\/avyacom.com\/en\/wp-json\/wp\/v2\/pages\/382\/revisions"}],"wp:attachment":[{"href":"http:\/\/avyacom.com\/en\/wp-json\/wp\/v2\/media?parent=382"}],"curies":[{"name":"wp","href":"https:\/\/api.w.org\/{rel}","templated":true}]}}